{"id":83981,"date":"2021-05-06T15:53:48","date_gmt":"2021-05-06T15:53:48","guid":{"rendered":"https:\/\/martenmochel.de\/?page_id=83981"},"modified":"2021-05-06T18:38:22","modified_gmt":"2021-05-06T18:38:22","slug":"impressum","status":"publish","type":"page","link":"https:\/\/martenmochel.de\/?page_id=83981","title":{"rendered":"Impressum"},"content":{"rendered":"<p>Angaben gem\u00e4\u00df \u00a7 5 TMG<\/p>\n<p>Marten Mochel<br \/>\nPastorenstr. 18<br \/>\n20459 Hamburg<\/p>\n<p>Kontakt<\/p>\n<p>Telefon: 0172-6860100<br \/>\nE-Mail: welcome@filmhamburg.com<\/p>\n<p>Haftung f\u00fcr Inhalte<\/p>\n<p>Als Diensteanbieter sind wir gem\u00e4\u00df \u00a7 7 Abs.1 TMG f\u00fcr eigene Inhalte auf diesen Seiten nach den<\/p>\n<p>allgemeinen Gesetzen verantwortlich. Nach \u00a7\u00a7 8 bis 10 TMG sind wir als Diensteanbieter jedoch nicht<\/p>\n<p>verpflichtet, \u00fcbermittelte oder gespeicherte fremde Informationen zu \u00fcberwachen oder nach Umst\u00e4nden zu<\/p>\n<p>forschen, die auf eine rechtswidrige T\u00e4tigkeit hinweisen.<\/p>\n<p>Verpflichtungen zur Entfernung oder Sperrung der Nutzung von Informationen nach den allgemeinen<\/p>\n<p>Gesetzen bleiben hiervon unber\u00fchrt. Eine diesbez\u00fcgliche Haftung ist jedoch erst ab dem Zeitpunkt der<\/p>\n<p>Kenntnis einer konkreten Rechtsverletzung m\u00f6glich. Bei Bekanntwerden von entsprechenden<\/p>\n<p>Rechtsverletzungen werden wir diese Inhalte umgehend entfernen.<\/p>\n<p>Haftung f\u00fcr Links<\/p>\n<p>Unser Angebot enth\u00e4lt Links zu externen Websites Dritter, auf deren Inhalte wir keinen Einfluss haben.<\/p>\n<p>Deshalb k\u00f6nnen wir f\u00fcr diese fremden Inhalte auch keine Gew\u00e4hr \u00fcbernehmen. F\u00fcr die Inhalte der<\/p>\n<p>verlinkten Seiten ist stets der jeweilige Anbieter oder Betreiber der Seiten verantwortlich. Die verlinkten<\/p>\n<p>Seiten wurden zum Zeitpunkt der Verlinkung auf m\u00f6gliche Rechtsverst\u00f6\u00dfe \u00fcberpr\u00fcft. Rechtswidrige Inhalte<\/p>\n<p>waren zum Zeitpunkt der Verlinkung nicht erkennbar.<\/p>\n<p>Eine permanente inhaltliche Kontrolle der verlinkten Seiten ist jedoch ohne konkrete Anhaltspunkte einer<\/p>\n<p>Rechtsverletzung nicht zumutbar. Bei Bekanntwerden von Rechtsverletzungen werden wir derartige Links<\/p>\n<p>umgehend entfernen.<\/p>\n<p>Urheberrecht<\/p>\n<p>Die durch die Seitenbetreiber erstellten Inhalte und Werke auf diesen Seiten unterliegen dem deutschen<\/p>\n<p>Urheberrecht. Die Vervielf\u00e4ltigung, Bearbeitung, Verbreitung und jede Art der Verwertung au\u00dferhalb der<\/p>\n<p>Grenzen des Urheberrechtes bed\u00fcrfen der schriftlichen Zustimmung des jeweiligen Autors bzw. Erstellers.<\/p>\n<p>Downloads und Kopien dieser Seite sind nur f\u00fcr den privaten, nicht kommerziellen Gebrauch gestattet.<\/p>\n<p>Soweit die Inhalte auf dieser Seite nicht vom Betreiber erstellt wurden, werden die Urheberrechte Dritter<\/p>\n<p>beachtet. Insbesondere werden Inhalte Dritter als solche gekennzeichnet. Sollten Sie trotzdem auf eine<\/p>\n<p>Urheberrechtsverletzung aufmerksam werden, bitten wir um einen entsprechenden Hinweis. Bei<\/p>\n<p>Bekanntwerden von Rechtsverletzungen werden wir derartige Inhalte umgehend entfernen.<\/p>\n<p>Quelle:<\/p>\n<p>https:\/\/www.e-recht24.de\/impressum-generator.html<\/p>\n","protected":false},"excerpt":{"rendered":"<p>Angaben gem\u00e4\u00df \u00a7 5 TMG Marten Mochel Pastorenstr. 18 20459 Hamburg Kontakt Telefon: 0172-6860100 E-Mail: welcome@filmhamburg.com Haftung f\u00fcr Inhalte Als [&hellip;]<\/p>\n","protected":false},"author":1,"featured_media":0,"parent":0,"menu_order":0,"comment_status":"closed","ping_status":"closed","template":"","meta":{"inline_featured_image":false},"yoast_head":"<!-- This site is optimized with the Yoast SEO plugin v18.4.1 - https:\/\/yoast.com\/wordpress\/plugins\/seo\/ -->\n<title>Impressum - Marten Mochel - Art Director<\/title>\n<meta name=\"robots\" content=\"noindex, nofollow\" \/>\n<meta property=\"og:locale\" content=\"de_DE\" \/>\n<meta property=\"og:type\" content=\"article\" \/>\n<meta property=\"og:title\" content=\"Impressum - Marten Mochel - Art Director\" \/>\n<meta property=\"og:description\" content=\"Angaben gem\u00e4\u00df \u00a7 5 TMG Marten Mochel Pastorenstr. 18 20459 Hamburg Kontakt Telefon: 0172-6860100 E-Mail: welcome@filmhamburg.com Haftung f\u00fcr Inhalte Als [&hellip;]\" \/>\n<meta property=\"og:url\" content=\"https:\/\/martenmochel.de\/?page_id=83981\" \/>\n<meta property=\"og:site_name\" content=\"Marten Mochel - Art Director\" \/>\n<meta property=\"article:modified_time\" content=\"2021-05-06T18:38:22+00:00\" \/>\n<meta name=\"twitter:card\" content=\"summary_large_image\" \/>\n<meta name=\"twitter:label1\" content=\"Gesch\u00e4tzte Lesezeit\" \/>\n\t<meta name=\"twitter:data1\" content=\"2\u00a0Minuten\" \/>\n<script type=\"application\/ld+json\" class=\"yoast-schema-graph\">{\"@context\":\"https:\/\/schema.org\",\"@graph\":[{\"@type\":\"WebSite\",\"@id\":\"https:\/\/martenmochel.de\/#website\",\"url\":\"https:\/\/martenmochel.de\/\",\"name\":\"Marten Mochel - Art Director\",\"description\":\"\",\"potentialAction\":[{\"@type\":\"SearchAction\",\"target\":{\"@type\":\"EntryPoint\",\"urlTemplate\":\"https:\/\/martenmochel.de\/?s={search_term_string}\"},\"query-input\":\"required name=search_term_string\"}],\"inLanguage\":\"de\"},{\"@type\":\"WebPage\",\"@id\":\"https:\/\/martenmochel.de\/?page_id=83981#webpage\",\"url\":\"https:\/\/martenmochel.de\/?page_id=83981\",\"name\":\"Impressum - Marten Mochel - Art Director\",\"isPartOf\":{\"@id\":\"https:\/\/martenmochel.de\/#website\"},\"datePublished\":\"2021-05-06T15:53:48+00:00\",\"dateModified\":\"2021-05-06T18:38:22+00:00\",\"breadcrumb\":{\"@id\":\"https:\/\/martenmochel.de\/?page_id=83981#breadcrumb\"},\"inLanguage\":\"de\",\"potentialAction\":[{\"@type\":\"ReadAction\",\"target\":[\"https:\/\/martenmochel.de\/?page_id=83981\"]}]},{\"@type\":\"BreadcrumbList\",\"@id\":\"https:\/\/martenmochel.de\/?page_id=83981#breadcrumb\",\"itemListElement\":[{\"@type\":\"ListItem\",\"position\":1,\"name\":\"Startseite\",\"item\":\"https:\/\/martenmochel.de\/\"},{\"@type\":\"ListItem\",\"position\":2,\"name\":\"Impressum\"}]}]}<\/script>\n<!-- \/ Yoast SEO plugin. -->","yoast_head_json":{"title":"Impressum - Marten Mochel - Art Director","robots":{"index":"noindex","follow":"nofollow"},"og_locale":"de_DE","og_type":"article","og_title":"Impressum - Marten Mochel - Art Director","og_description":"Angaben gem\u00e4\u00df \u00a7 5 TMG Marten Mochel Pastorenstr. 18 20459 Hamburg Kontakt Telefon: 0172-6860100 E-Mail: welcome@filmhamburg.com Haftung f\u00fcr Inhalte Als [&hellip;]","og_url":"https:\/\/martenmochel.de\/?page_id=83981","og_site_name":"Marten Mochel - Art Director","article_modified_time":"2021-05-06T18:38:22+00:00","twitter_card":"summary_large_image","twitter_misc":{"Gesch\u00e4tzte Lesezeit":"2\u00a0Minuten"},"schema":{"@context":"https:\/\/schema.org","@graph":[{"@type":"WebSite","@id":"https:\/\/martenmochel.de\/#website","url":"https:\/\/martenmochel.de\/","name":"Marten Mochel - Art Director","description":"","potentialAction":[{"@type":"SearchAction","target":{"@type":"EntryPoint","urlTemplate":"https:\/\/martenmochel.de\/?s={search_term_string}"},"query-input":"required name=search_term_string"}],"inLanguage":"de"},{"@type":"WebPage","@id":"https:\/\/martenmochel.de\/?page_id=83981#webpage","url":"https:\/\/martenmochel.de\/?page_id=83981","name":"Impressum - Marten Mochel - Art Director","isPartOf":{"@id":"https:\/\/martenmochel.de\/#website"},"datePublished":"2021-05-06T15:53:48+00:00","dateModified":"2021-05-06T18:38:22+00:00","breadcrumb":{"@id":"https:\/\/martenmochel.de\/?page_id=83981#breadcrumb"},"inLanguage":"de","potentialAction":[{"@type":"ReadAction","target":["https:\/\/martenmochel.de\/?page_id=83981"]}]},{"@type":"BreadcrumbList","@id":"https:\/\/martenmochel.de\/?page_id=83981#breadcrumb","itemListElement":[{"@type":"ListItem","position":1,"name":"Startseite","item":"https:\/\/martenmochel.de\/"},{"@type":"ListItem","position":2,"name":"Impressum"}]}]}},"_links":{"self":[{"href":"https:\/\/martenmochel.de\/index.php?rest_route=\/wp\/v2\/pages\/83981"}],"collection":[{"href":"https:\/\/martenmochel.de\/index.php?rest_route=\/wp\/v2\/pages"}],"about":[{"href":"https:\/\/martenmochel.de\/index.php?rest_route=\/wp\/v2\/types\/page"}],"author":[{"embeddable":true,"href":"https:\/\/martenmochel.de\/index.php?rest_route=\/wp\/v2\/users\/1"}],"replies":[{"embeddable":true,"href":"https:\/\/martenmochel.de\/index.php?rest_route=%2Fwp%2Fv2%2Fcomments&post=83981"}],"version-history":[{"count":1,"href":"https:\/\/martenmochel.de\/index.php?rest_route=\/wp\/v2\/pages\/83981\/revisions"}],"predecessor-version":[{"id":83982,"href":"https:\/\/martenmochel.de\/index.php?rest_route=\/wp\/v2\/pages\/83981\/revisions\/83982"}],"wp:attachment":[{"href":"https:\/\/martenmochel.de\/index.php?rest_route=%2Fwp%2Fv2%2Fmedia&parent=83981"}],"curies":[{"name":"wp","href":"https:\/\/api.w.org\/{rel}","templated":true}]}}