{"id":65805,"date":"2017-09-04T14:54:31","date_gmt":"2017-09-04T12:54:31","guid":{"rendered":"https:\/\/undsgn.com\/uncode\/?page_id=65805"},"modified":"2021-05-16T16:44:56","modified_gmt":"2021-05-16T16:44:56","slug":"home","status":"publish","type":"page","link":"https:\/\/martenmochel.de\/","title":{"rendered":"Home"},"content":{"rendered":"<p>[vc_row row_height_percent=&#8220;100&#8243; back_color=&#8220;color-xsdn&#8220; back_image=&#8220;83857&#8243; back_position=&#8220;center top&#8220; overlay_alpha=&#8220;50&#8243; gutter_size=&#8220;3&#8243; column_width_percent=&#8220;100&#8243; shift_y=&#8220;0&#8243; z_index=&#8220;0&#8243; row_name=&#8220;Hello&#8220;][vc_column column_width_percent=&#8220;100&#8243; position_vertical=&#8220;middle&#8220; gutter_size=&#8220;3&#8243; overlay_alpha=&#8220;50&#8243; shift_x=&#8220;0&#8243; shift_y=&#8220;0&#8243; shift_y_down=&#8220;0&#8243; z_index=&#8220;0&#8243; medium_width=&#8220;4&#8243; align_mobile=&#8220;align_left_mobile&#8220; mobile_width=&#8220;5&#8243; css_animation=&#8220;bottom-t-top&#8220; animation_speed=&#8220;100&#8243; animation_delay=&#8220;100&#8243; width=&#8220;1\/1&#8243;][vc_row_inner row_inner_height_percent=&#8220;0&#8243; overlay_alpha=&#8220;50&#8243; gutter_size=&#8220;3&#8243; shift_y=&#8220;0&#8243; z_index=&#8220;0&#8243; limit_content=&#8220;&#8220;][vc_column_inner column_width_percent=&#8220;100&#8243; gutter_size=&#8220;3&#8243; overlay_alpha=&#8220;50&#8243; shift_x=&#8220;0&#8243; shift_y=&#8220;0&#8243; shift_y_down=&#8220;0&#8243; z_index=&#8220;0&#8243; medium_width=&#8220;4&#8243; mobile_width=&#8220;0&#8243; width=&#8220;1\/2&#8243;][vc_custom_heading heading_semantic=&#8220;h1&#8243; text_size=&#8220;&#8220; text_weight=&#8220;600&#8243; text_height=&#8220;fontheight-259468&#8243; text_space=&#8220;fontspace-180812&#8243;]<span style=\"color: #003366;\">Hi,<\/span><br \/>\n<span style=\"color: #003366;\">ich bin<\/span><br \/>\n<span style=\"color: #003366;\">Marten,<\/span><br \/>\n<span style=\"color: #003366;\">Art Director<\/span><br \/>\n<span style=\"color: #003366;\">aus Hamburg.<\/span>[\/vc_custom_heading][vc_custom_heading text_size=&#8220;h4&#8243; text_weight=&#8220;400&#8243;]<span style=\"color: #808080;\">Seit 2004 betreue ich namenhafte Kunden, wie <em><strong>Deichmann, Swarovski <\/strong><\/em>oder <em><strong>Panasonic<\/strong><\/em> f\u00fcr gro\u00dfe Verlagsh\u00e4user und Agenturen.<\/span>[\/vc_custom_heading][vc_custom_heading text_size=&#8220;h6&#8243; text_weight=&#8220;600&#8243; text_color=&#8220;color-wvjs&#8220;]<\/p>\n<h4><a href=\"https:\/\/www.linkedin.com\/in\/martenmochel\/\" target=\"_blank\" rel=\"noopener noreferrer\">LinkedIn<\/a> \/ <a href=\"https:\/\/www.instagram.com\/mamoc\/\" target=\"_blank\" rel=\"noopener noreferrer\">Instagram<\/a><\/h4>\n<p>[\/vc_custom_heading][\/vc_column_inner][vc_column_inner column_width_percent=&#8220;100&#8243; gutter_size=&#8220;3&#8243; overlay_alpha=&#8220;50&#8243; shift_x=&#8220;0&#8243; shift_y=&#8220;0&#8243; shift_y_down=&#8220;0&#8243; z_index=&#8220;0&#8243; medium_width=&#8220;4&#8243; mobile_visibility=&#8220;yes&#8220; mobile_width=&#8220;0&#8243; width=&#8220;1\/2&#8243;][\/vc_column_inner][\/vc_row_inner][\/vc_column][\/vc_row][vc_row row_height_percent=&#8220;100&#8243; back_image=&#8220;83953&#8243; overlay_alpha=&#8220;85&#8243; gutter_size=&#8220;3&#8243; column_width_percent=&#8220;100&#8243; shift_y=&#8220;0&#8243; z_index=&#8220;0&#8243; row_name=&#8220;About Me&#8220;][vc_column column_width_percent=&#8220;100&#8243; position_vertical=&#8220;middle&#8220; gutter_size=&#8220;4&#8243; style=&#8220;dark&#8220; overlay_alpha=&#8220;50&#8243; shift_x=&#8220;0&#8243; shift_y=&#8220;0&#8243; shift_y_down=&#8220;0&#8243; z_index=&#8220;0&#8243; medium_width=&#8220;0&#8243; mobile_width=&#8220;5&#8243; css_animation=&#8220;bottom-t-top&#8220; animation_speed=&#8220;100&#8243; animation_delay=&#8220;100&#8243; width=&#8220;1\/1&#8243;][vc_row_inner row_inner_height_percent=&#8220;0&#8243; overlay_alpha=&#8220;50&#8243; gutter_size=&#8220;4&#8243; shift_y=&#8220;0&#8243; z_index=&#8220;0&#8243; limit_content=&#8220;&#8220;][vc_column_inner column_width_percent=&#8220;100&#8243; position_vertical=&#8220;bottom&#8220; gutter_size=&#8220;3&#8243; style=&#8220;dark&#8220; overlay_alpha=&#8220;50&#8243; shift_x=&#8220;0&#8243; shift_y=&#8220;0&#8243; shift_y_down=&#8220;0&#8243; z_index=&#8220;0&#8243; medium_width=&#8220;0&#8243; mobile_width=&#8220;0&#8243; width=&#8220;1\/2&#8243;][vc_custom_heading heading_semantic=&#8220;h1&#8243; text_size=&#8220;&#8220; text_weight=&#8220;600&#8243; text_height=&#8220;fontheight-259468&#8243; text_space=&#8220;fontspace-180812&#8243;]<span style=\"color: #003366;\">Was ich mache,<\/span><br \/>\n<span style=\"color: #003366;\">was ich gemacht habe.<\/span>[\/vc_custom_heading][vc_custom_heading text_size=&#8220;h4&#8243; text_weight=&#8220;400&#8243;]<span style=\"color: #808080;\">Marten Mochel <strong><span style=\"color: #000000;\">(<a style=\"color: #000000;\" href=\"http:\/\/www.instagram.com\/mamoc\">@mamoc<\/a>)<\/span><\/strong>, in D\u00fcsseldorf geboren und in Hamburg lebend, ist seit 2004 freier Art Director f\u00fcr unterschiedlichste Projekte und Kunden, darunter <em><strong>Panasonic<\/strong>, <strong>Bentley<\/strong>, <strong>Deichmann<\/strong>, <strong>Swarovski<\/strong> <\/em>und <em><strong>Lufthansa<\/strong><\/em>, \u00fcberwiegend als Corporate Publishing Art Direktor f\u00fcr <em><strong>Gruner+Jahr<\/strong> <\/em>und <em><strong>Axel Springer<\/strong><\/em>.\u00a0<\/span>[\/vc_custom_heading][\/vc_column_inner][vc_column_inner column_width_percent=&#8220;100&#8243; position_horizontal=&#8220;left&#8220; position_vertical=&#8220;bottom&#8220; gutter_size=&#8220;4&#8243; style=&#8220;dark&#8220; overlay_alpha=&#8220;50&#8243; shift_x=&#8220;0&#8243; shift_y=&#8220;0&#8243; shift_y_down=&#8220;0&#8243; z_index=&#8220;0&#8243; medium_width=&#8220;0&#8243; mobile_width=&#8220;0&#8243; width=&#8220;1\/2&#8243;][\/vc_column_inner][\/vc_row_inner][\/vc_column][\/vc_row][vc_row unlock_row_content=&#8220;yes&#8220; row_height_percent=&#8220;100&#8243; back_color=&#8220;color-lxmt&#8220; overlay_alpha=&#8220;0&#8243; equal_height=&#8220;yes&#8220; gutter_size=&#8220;0&#8243; column_width_percent=&#8220;100&#8243; shift_y=&#8220;0&#8243; z_index=&#8220;0&#8243; auto_height_device=&#8220;yes&#8220; row_name=&#8220;Portfolio&#8220;][vc_column column_width_percent=&#8220;100&#8243; align_horizontal=&#8220;align_center&#8220; gutter_size=&#8220;6&#8243; override_padding=&#8220;yes&#8220; column_padding=&#8220;0&#8243; font_family=&#8220;font-202503&#8243; overlay_alpha=&#8220;50&#8243; shift_x=&#8220;0&#8243; shift_y=&#8220;0&#8243; shift_y_down=&#8220;0&#8243; z_index=&#8220;0&#8243; medium_width=&#8220;0&#8243; mobile_width=&#8220;0&#8243; width=&#8220;1\/1&#8243;][vc_row_inner row_inner_height_percent=&#8220;10&#8243; overlay_alpha=&#8220;50&#8243; gutter_size=&#8220;3&#8243; shift_y=&#8220;0&#8243; z_index=&#8220;0&#8243;][vc_column_inner width=&#8220;1\/1&#8243;][\/vc_column_inner][\/vc_row_inner][vc_custom_heading heading_semantic=&#8220;h1&#8243; text_size=&#8220;&#8220; text_weight=&#8220;600&#8243; text_height=&#8220;fontheight-259468&#8243; text_space=&#8220;fontspace-180812&#8243;]<\/p>\n<h1 style=\"text-align: left;\"><span style=\"color: #003366;\">Einige Beispiele.<\/span><\/h1>\n<p>[\/vc_custom_heading][vc_gallery el_id=&#8220;gallery-207706&#8243; type=&#8220;carousel&#8220; medias=&#8220;84038,84052,84042,84039,84053,84050,84047,84049,84048,84043,84061,84062,84060,84059,84058,84057,84056,84046&#8243; gallery_back_color=&#8220;color-xsdn&#8220; carousel_lg=&#8220;2&#8243; carousel_md=&#8220;1&#8243; carousel_sm=&#8220;1&#8243; gutter_size=&#8220;0&#8243; media_items=&#8220;media|nolink|original&#8220; carousel_interval=&#8220;3000&#8243; carousel_navspeed=&#8220;700&#8243; carousel_loop=&#8220;yes&#8220; carousel_nav=&#8220;yes&#8220; carousel_autoh=&#8220;yes&#8220; stage_padding=&#8220;0&#8243; single_overlay_opacity=&#8220;1&#8243; single_overlay_anim=&#8220;no&#8220; single_text_anim=&#8220;no&#8220; single_image_anim=&#8220;no&#8220; single_h_align=&#8220;center&#8220; single_padding=&#8220;2&#8243; lbox_skin=&#8220;white&#8220; no_double_tap=&#8220;yes&#8220;][vc_row_inner row_inner_height_percent=&#8220;10&#8243; overlay_alpha=&#8220;50&#8243; gutter_size=&#8220;3&#8243; shift_y=&#8220;0&#8243; z_index=&#8220;0&#8243;][vc_column_inner width=&#8220;1\/1&#8243;][\/vc_column_inner][\/vc_row_inner][\/vc_column][\/vc_row][vc_row row_height_percent=&#8220;100&#8243; back_image=&#8220;83943&#8243; overlay_alpha=&#8220;85&#8243; gutter_size=&#8220;3&#8243; column_width_percent=&#8220;100&#8243; shift_y=&#8220;0&#8243; z_index=&#8220;0&#8243; row_name=&#8220;About Me&#8220;][vc_column column_width_percent=&#8220;100&#8243; position_vertical=&#8220;middle&#8220; gutter_size=&#8220;4&#8243; style=&#8220;dark&#8220; overlay_alpha=&#8220;50&#8243; shift_x=&#8220;0&#8243; shift_y=&#8220;0&#8243; shift_y_down=&#8220;0&#8243; z_index=&#8220;0&#8243; medium_width=&#8220;0&#8243; mobile_width=&#8220;4&#8243; css_animation=&#8220;bottom-t-top&#8220; animation_speed=&#8220;100&#8243; animation_delay=&#8220;100&#8243; width=&#8220;1\/1&#8243;][vc_row_inner row_inner_height_percent=&#8220;0&#8243; overlay_alpha=&#8220;50&#8243; gutter_size=&#8220;4&#8243; shift_y=&#8220;0&#8243; z_index=&#8220;0&#8243; limit_content=&#8220;&#8220;][vc_column_inner column_width_percent=&#8220;100&#8243; position_vertical=&#8220;bottom&#8220; gutter_size=&#8220;3&#8243; style=&#8220;dark&#8220; overlay_alpha=&#8220;50&#8243; shift_x=&#8220;0&#8243; shift_y=&#8220;0&#8243; shift_y_down=&#8220;0&#8243; z_index=&#8220;0&#8243; medium_width=&#8220;0&#8243; mobile_width=&#8220;0&#8243; width=&#8220;1\/2&#8243;][vc_custom_heading heading_semantic=&#8220;h1&#8243; text_size=&#8220;&#8220; text_weight=&#8220;600&#8243; text_height=&#8220;fontheight-259468&#8243; text_space=&#8220;fontspace-180812&#8243;]<span style=\"color: #003366;\">Nimm Kontakt auf.<\/span>[\/vc_custom_heading][vc_custom_heading text_size=&#8220;h4&#8243; text_weight=&#8220;400&#8243;]<span style=\"color: #808080;\">Schreib mir gerne eine Email unter<\/span> <span style=\"color: #666699;\"><strong><a style=\"color: #666699;\" href=\"mailto:mail@martenmochel.de\">diesem Link<\/a><\/strong><\/span> <span style=\"color: #808080;\">oder verwende den Kontaktbutton unten rechts.<\/span>[\/vc_custom_heading][vc_raw_html]JTNDcCUzRSU1Qmluc3RhZ3JhbS1mZWVkJTVEJTNDJTJGcCUzRQ==[\/vc_raw_html][\/vc_column_inner][vc_column_inner column_width_percent=&#8220;100&#8243; position_horizontal=&#8220;left&#8220; position_vertical=&#8220;bottom&#8220; gutter_size=&#8220;4&#8243; style=&#8220;dark&#8220; overlay_alpha=&#8220;50&#8243; shift_x=&#8220;0&#8243; shift_y=&#8220;0&#8243; shift_y_down=&#8220;0&#8243; z_index=&#8220;0&#8243; medium_width=&#8220;0&#8243; mobile_width=&#8220;0&#8243; width=&#8220;1\/2&#8243;][\/vc_column_inner][\/vc_row_inner][\/vc_column][\/vc_row]<\/p>\n","protected":false},"excerpt":{"rendered":"<p>[vc_row row_height_percent=&#8220;100&#8243; back_color=&#8220;color-xsdn&#8220; back_image=&#8220;83857&#8243; back_position=&#8220;center top&#8220; overlay_alpha=&#8220;50&#8243; gutter_size=&#8220;3&#8243; column_width_percent=&#8220;100&#8243; shift_y=&#8220;0&#8243; z_index=&#8220;0&#8243; row_name=&#8220;Hello&#8220;][vc_column column_width_percent=&#8220;100&#8243; position_vertical=&#8220;middle&#8220; gutter_size=&#8220;3&#8243; overlay_alpha=&#8220;50&#8243; shift_x=&#8220;0&#8243; shift_y=&#8220;0&#8243; shift_y_down=&#8220;0&#8243; z_index=&#8220;0&#8243; [&hellip;]<\/p>\n","protected":false},"author":1,"featured_media":84019,"parent":0,"menu_order":0,"comment_status":"closed","ping_status":"closed","template":"","meta":{"inline_featured_image":false},"yoast_head":"<!-- This site is optimized with the Yoast SEO plugin v18.4.1 - https:\/\/yoast.com\/wordpress\/plugins\/seo\/ -->\n<title>MARTEN MOCHEL - Art Director aus Hamburg<\/title>\n<meta name=\"description\" content=\"Marten Mochel ist freier Art Director f\u00fcr Verlage und Agenturen, sowie namenhaften Kunden, darunter Deichmann, Panasonic und YBPN.\" \/>\n<meta name=\"robots\" content=\"index, follow, max-snippet:-1, max-image-preview:large, max-video-preview:-1\" \/>\n<link rel=\"canonical\" href=\"https:\/\/martenmochel.de\/\" \/>\n<meta property=\"og:locale\" content=\"de_DE\" \/>\n<meta property=\"og:type\" content=\"article\" \/>\n<meta property=\"og:title\" content=\"MARTEN MOCHEL - Art Director aus Hamburg\" \/>\n<meta property=\"og:description\" content=\"Marten Mochel ist freier Art Director f\u00fcr Verlage und Agenturen, sowie namenhaften Kunden, darunter Deichmann, Panasonic und YBPN.\" \/>\n<meta property=\"og:url\" content=\"https:\/\/martenmochel.de\/\" \/>\n<meta property=\"og:site_name\" content=\"Marten Mochel - Art Director\" \/>\n<meta property=\"article:modified_time\" content=\"2021-05-16T16:44:56+00:00\" \/>\n<meta property=\"og:image\" content=\"https:\/\/martenmochel.de\/wp-content\/uploads\/2021\/05\/Bildschirmfoto-2021-05-06-um-20.11.27.png\" \/>\n\t<meta property=\"og:image:width\" content=\"2152\" \/>\n\t<meta property=\"og:image:height\" content=\"1194\" \/>\n\t<meta property=\"og:image:type\" content=\"image\/png\" \/>\n<meta name=\"twitter:card\" content=\"summary_large_image\" \/>\n<meta name=\"twitter:image\" content=\"https:\/\/martenmochel.de\/wp-content\/uploads\/2021\/05\/Bildschirmfoto-2021-05-06-um-20.11.27.png\" \/>\n<meta name=\"twitter:label1\" content=\"Gesch\u00e4tzte Lesezeit\" \/>\n\t<meta name=\"twitter:data1\" content=\"2\u00a0Minuten\" \/>\n<script type=\"application\/ld+json\" class=\"yoast-schema-graph\">{\"@context\":\"https:\/\/schema.org\",\"@graph\":[{\"@type\":\"WebSite\",\"@id\":\"https:\/\/martenmochel.de\/#website\",\"url\":\"https:\/\/martenmochel.de\/\",\"name\":\"Marten Mochel - Art Director\",\"description\":\"\",\"potentialAction\":[{\"@type\":\"SearchAction\",\"target\":{\"@type\":\"EntryPoint\",\"urlTemplate\":\"https:\/\/martenmochel.de\/?s={search_term_string}\"},\"query-input\":\"required name=search_term_string\"}],\"inLanguage\":\"de\"},{\"@type\":\"ImageObject\",\"@id\":\"https:\/\/martenmochel.de\/#primaryimage\",\"inLanguage\":\"de\",\"url\":\"https:\/\/martenmochel.de\/wp-content\/uploads\/2021\/05\/Bildschirmfoto-2021-05-06-um-20.11.27.png\",\"contentUrl\":\"https:\/\/martenmochel.de\/wp-content\/uploads\/2021\/05\/Bildschirmfoto-2021-05-06-um-20.11.27.png\",\"width\":2152,\"height\":1194,\"caption\":\"Marten Mochel Vorschaubild\"},{\"@type\":\"WebPage\",\"@id\":\"https:\/\/martenmochel.de\/#webpage\",\"url\":\"https:\/\/martenmochel.de\/\",\"name\":\"MARTEN MOCHEL - Art Director aus Hamburg\",\"isPartOf\":{\"@id\":\"https:\/\/martenmochel.de\/#website\"},\"primaryImageOfPage\":{\"@id\":\"https:\/\/martenmochel.de\/#primaryimage\"},\"datePublished\":\"2017-09-04T12:54:31+00:00\",\"dateModified\":\"2021-05-16T16:44:56+00:00\",\"description\":\"Marten Mochel ist freier Art Director f\u00fcr Verlage und Agenturen, sowie namenhaften Kunden, darunter Deichmann, Panasonic und YBPN.\",\"breadcrumb\":{\"@id\":\"https:\/\/martenmochel.de\/#breadcrumb\"},\"inLanguage\":\"de\",\"potentialAction\":[{\"@type\":\"ReadAction\",\"target\":[\"https:\/\/martenmochel.de\/\"]}]},{\"@type\":\"BreadcrumbList\",\"@id\":\"https:\/\/martenmochel.de\/#breadcrumb\",\"itemListElement\":[{\"@type\":\"ListItem\",\"position\":1,\"name\":\"Startseite\",\"item\":\"https:\/\/martenmochel.de\/\"},{\"@type\":\"ListItem\",\"position\":2,\"name\":\"Home\"}]}]}<\/script>\n<!-- \/ Yoast SEO plugin. -->","yoast_head_json":{"title":"MARTEN MOCHEL - Art Director aus Hamburg","description":"Marten Mochel ist freier Art Director f\u00fcr Verlage und Agenturen, sowie namenhaften Kunden, darunter Deichmann, Panasonic und YBPN.","robots":{"index":"index","follow":"follow","max-snippet":"max-snippet:-1","max-image-preview":"max-image-preview:large","max-video-preview":"max-video-preview:-1"},"canonical":"https:\/\/martenmochel.de\/","og_locale":"de_DE","og_type":"article","og_title":"MARTEN MOCHEL - Art Director aus Hamburg","og_description":"Marten Mochel ist freier Art Director f\u00fcr Verlage und Agenturen, sowie namenhaften Kunden, darunter Deichmann, Panasonic und YBPN.","og_url":"https:\/\/martenmochel.de\/","og_site_name":"Marten Mochel - Art Director","article_modified_time":"2021-05-16T16:44:56+00:00","og_image":[{"width":2152,"height":1194,"url":"https:\/\/martenmochel.de\/wp-content\/uploads\/2021\/05\/Bildschirmfoto-2021-05-06-um-20.11.27.png","type":"image\/png"}],"twitter_card":"summary_large_image","twitter_image":"https:\/\/martenmochel.de\/wp-content\/uploads\/2021\/05\/Bildschirmfoto-2021-05-06-um-20.11.27.png","twitter_misc":{"Gesch\u00e4tzte Lesezeit":"2\u00a0Minuten"},"schema":{"@context":"https:\/\/schema.org","@graph":[{"@type":"WebSite","@id":"https:\/\/martenmochel.de\/#website","url":"https:\/\/martenmochel.de\/","name":"Marten Mochel - Art Director","description":"","potentialAction":[{"@type":"SearchAction","target":{"@type":"EntryPoint","urlTemplate":"https:\/\/martenmochel.de\/?s={search_term_string}"},"query-input":"required name=search_term_string"}],"inLanguage":"de"},{"@type":"ImageObject","@id":"https:\/\/martenmochel.de\/#primaryimage","inLanguage":"de","url":"https:\/\/martenmochel.de\/wp-content\/uploads\/2021\/05\/Bildschirmfoto-2021-05-06-um-20.11.27.png","contentUrl":"https:\/\/martenmochel.de\/wp-content\/uploads\/2021\/05\/Bildschirmfoto-2021-05-06-um-20.11.27.png","width":2152,"height":1194,"caption":"Marten Mochel Vorschaubild"},{"@type":"WebPage","@id":"https:\/\/martenmochel.de\/#webpage","url":"https:\/\/martenmochel.de\/","name":"MARTEN MOCHEL - Art Director aus Hamburg","isPartOf":{"@id":"https:\/\/martenmochel.de\/#website"},"primaryImageOfPage":{"@id":"https:\/\/martenmochel.de\/#primaryimage"},"datePublished":"2017-09-04T12:54:31+00:00","dateModified":"2021-05-16T16:44:56+00:00","description":"Marten Mochel ist freier Art Director f\u00fcr Verlage und Agenturen, sowie namenhaften Kunden, darunter Deichmann, Panasonic und YBPN.","breadcrumb":{"@id":"https:\/\/martenmochel.de\/#breadcrumb"},"inLanguage":"de","potentialAction":[{"@type":"ReadAction","target":["https:\/\/martenmochel.de\/"]}]},{"@type":"BreadcrumbList","@id":"https:\/\/martenmochel.de\/#breadcrumb","itemListElement":[{"@type":"ListItem","position":1,"name":"Startseite","item":"https:\/\/martenmochel.de\/"},{"@type":"ListItem","position":2,"name":"Home"}]}]}},"_links":{"self":[{"href":"https:\/\/martenmochel.de\/index.php?rest_route=\/wp\/v2\/pages\/65805"}],"collection":[{"href":"https:\/\/martenmochel.de\/index.php?rest_route=\/wp\/v2\/pages"}],"about":[{"href":"https:\/\/martenmochel.de\/index.php?rest_route=\/wp\/v2\/types\/page"}],"author":[{"embeddable":true,"href":"https:\/\/martenmochel.de\/index.php?rest_route=\/wp\/v2\/users\/1"}],"replies":[{"embeddable":true,"href":"https:\/\/martenmochel.de\/index.php?rest_route=%2Fwp%2Fv2%2Fcomments&post=65805"}],"version-history":[{"count":138,"href":"https:\/\/martenmochel.de\/index.php?rest_route=\/wp\/v2\/pages\/65805\/revisions"}],"predecessor-version":[{"id":84112,"href":"https:\/\/martenmochel.de\/index.php?rest_route=\/wp\/v2\/pages\/65805\/revisions\/84112"}],"wp:featuredmedia":[{"embeddable":true,"href":"https:\/\/martenmochel.de\/index.php?rest_route=\/wp\/v2\/media\/84019"}],"wp:attachment":[{"href":"https:\/\/martenmochel.de\/index.php?rest_route=%2Fwp%2Fv2%2Fmedia&parent=65805"}],"curies":[{"name":"wp","href":"https:\/\/api.w.org\/{rel}","templated":true}]}}